{"id":512,"date":"2023-02-02T11:37:00","date_gmt":"2023-02-02T11:37:00","guid":{"rendered":"https:\/\/motustech.it\/?page_id=512"},"modified":"2023-02-02T11:51:44","modified_gmt":"2023-02-02T11:51:44","slug":"beyondinertial","status":"publish","type":"page","link":"https:\/\/motustech.it\/es\/beyondinertial\/","title":{"rendered":"M\u00e1s all\u00e1 de la inercia"},"content":{"rendered":"<div data-elementor-type=\"wp-page\" data-elementor-id=\"512\" class=\"elementor elementor-512\" data-elementor-post-type=\"page\">\n\t\t\t\t\t\t\t\t\t<section class=\"elementor-section elementor-top-section elementor-element elementor-element-f2859b1 elementor-section-height-min-height elementor-section-boxed elementor-section-height-default elementor-section-items-middle\" data-id=\"f2859b1\" data-element_type=\"section\" data-settings=\"{&quot;background_background&quot;:&quot;classic&quot;}\">\n\t\t\t\t\t\t<div class=\"elementor-container elementor-column-gap-default\">\n\t\t\t\t\t<div class=\"elementor-column elementor-col-50 elementor-top-column elementor-element elementor-element-8e972ac\" data-id=\"8e972ac\" data-element_type=\"column\">\n\t\t\t<div class=\"elementor-widget-wrap elementor-element-populated\">\n\t\t\t\t\t\t\t\t<div class=\"elementor-element elementor-element-61655be elementor-widget elementor-widget-heading\" data-id=\"61655be\" data-element_type=\"widget\" data-widget_type=\"heading.default\">\n\t\t\t\t<div class=\"elementor-widget-container\">\n\t\t\t<style>\/*! elementor - v3.17.0 - 01-11-2023 *\/\n.elementor-heading-title{padding:0;margin:0;line-height:1}.elementor-widget-heading .elementor-heading-title[class*=elementor-size-]>a{color:inherit;font-size:inherit;line-height:inherit}.elementor-widget-heading .elementor-heading-title.elementor-size-small{font-size:15px}.elementor-widget-heading .elementor-heading-title.elementor-size-medium{font-size:19px}.elementor-widget-heading .elementor-heading-title.elementor-size-large{font-size:29px}.elementor-widget-heading .elementor-heading-title.elementor-size-xl{font-size:39px}.elementor-widget-heading .elementor-heading-title.elementor-size-xxl{font-size:59px}<\/style><h2 class=\"elementor-heading-title elementor-size-default\">MANUAL M\u00e1s all\u00e1 de la inercia<\/h2>\t\t<\/div>\n\t\t\t\t<\/div>\n\t\t\t\t<div class=\"elementor-element elementor-element-7b27d18 elementor-widget elementor-widget-button\" data-id=\"7b27d18\" data-element_type=\"widget\" data-no-translation=\"\" data-widget_type=\"button.default\">\n\t\t\t\t<div class=\"elementor-widget-container\">\n\t\t\t<style>.elementor-element-7b27d18{display:none !important}<\/style>\t\t<\/div>\n\t\t\t\t<\/div>\n\t\t\t\t<div class=\"elementor-element elementor-element-f2ab73c elementor-widget elementor-widget-button\" data-id=\"f2ab73c\" data-element_type=\"widget\" data-widget_type=\"button.default\">\n\t\t\t\t<div class=\"elementor-widget-container\">\n\t\t\t\t\t<div class=\"elementor-button-wrapper\">\n\t\t\t<a class=\"elementor-button elementor-button-link elementor-size-sm\" href=\"https:\/\/motustech.it\/Download\/Beyond_inertial_ENG.pdf\">\n\t\t\t\t\t\t<span class=\"elementor-button-content-wrapper\">\n\t\t\t\t\t\t<span class=\"elementor-button-text\">Descargas<\/span>\n\t\t<\/span>\n\t\t\t\t\t<\/a>\n\t\t<\/div>\n\t\t\t\t<\/div>\n\t\t\t\t<\/div>\n\t\t\t\t\t<\/div>\n\t\t<\/div>\n\t\t\t\t<div class=\"elementor-column elementor-col-50 elementor-top-column elementor-element elementor-element-c81f4e7\" data-id=\"c81f4e7\" data-element_type=\"column\">\n\t\t\t<div class=\"elementor-widget-wrap elementor-element-populated\">\n\t\t\t\t\t\t\t\t<div class=\"elementor-element elementor-element-0993cfb elementor-widget elementor-widget-heading\" data-id=\"0993cfb\" data-element_type=\"widget\" data-widget_type=\"heading.default\">\n\t\t\t\t<div class=\"elementor-widget-container\">\n\t\t\t<h2 class=\"elementor-heading-title elementor-size-default\">INICIO R\u00c1PIDO M\u00e1s all\u00e1 de la inercia<\/h2>\t\t<\/div>\n\t\t\t\t<\/div>\n\t\t\t\t<div class=\"elementor-element elementor-element-c32160e elementor-widget elementor-widget-button\" data-id=\"c32160e\" data-element_type=\"widget\" data-no-translation=\"\" data-widget_type=\"button.default\">\n\t\t\t\t<div class=\"elementor-widget-container\">\n\t\t\t<style>.elementor-element-c32160e{display:none !important}<\/style>\t\t<\/div>\n\t\t\t\t<\/div>\n\t\t\t\t<div class=\"elementor-element elementor-element-528e99e elementor-widget elementor-widget-button\" data-id=\"528e99e\" data-element_type=\"widget\" data-widget_type=\"button.default\">\n\t\t\t\t<div class=\"elementor-widget-container\">\n\t\t\t\t\t<div class=\"elementor-button-wrapper\">\n\t\t\t<a class=\"elementor-button elementor-button-link elementor-size-sm\" href=\"https:\/\/motustech.it\/Download\/QuickStart_inertial_ENG.docx\">\n\t\t\t\t\t\t<span class=\"elementor-button-content-wrapper\">\n\t\t\t\t\t\t<span class=\"elementor-button-text\">Descargas<\/span>\n\t\t<\/span>\n\t\t\t\t\t<\/a>\n\t\t<\/div>\n\t\t\t\t<\/div>\n\t\t\t\t<\/div>\n\t\t\t\t\t<\/div>\n\t\t<\/div>\n\t\t\t\t\t\t\t<\/div>\n\t\t<\/section>\n\t\t\t\t\t\t\t<\/div>","protected":false},"excerpt":{"rendered":"<p>MANUAL Descargar Beyond Inertial INICIO R\u00c1PIDO Descargar Beyond Inertial<\/p>","protected":false},"author":1,"featured_media":0,"parent":0,"menu_order":0,"comment_status":"closed","ping_status":"closed","template":"","meta":{"content-type":"","site-sidebar-layout":"no-sidebar","site-content-layout":"page-builder","ast-site-content-layout":"","site-content-style":"default","site-sidebar-style":"default","ast-global-header-display":"","ast-banner-title-visibility":"","ast-main-header-display":"","ast-hfb-above-header-display":"","ast-hfb-below-header-display":"","ast-hfb-mobile-header-display":"","site-post-title":"disabled","ast-breadcrumbs-content":"","ast-featured-img":"disabled","footer-sml-layout":"","theme-transparent-header-meta":"","adv-header-id-meta":"","stick-header-meta":"","header-above-stick-meta":"","header-main-stick-meta":"","header-below-stick-meta":"","astra-migrate-meta-layouts":"","footnotes":""},"class_list":["post-512","page","type-page","status-publish","hentry"],"yoast_head":"<!-- This site is optimized with the Yoast SEO plugin v21.5 - https:\/\/yoast.com\/wordpress\/plugins\/seo\/ -->\n<title>Beyondinertial - Motustech<\/title>\n<meta name=\"robots\" content=\"index, follow, max-snippet:-1, max-image-preview:large, max-video-preview:-1\" \/>\n<link rel=\"canonical\" href=\"https:\/\/motustech.it\/es\/beyondinertial\/\" \/>\n<meta property=\"og:locale\" content=\"es_ES\" \/>\n<meta property=\"og:type\" content=\"article\" \/>\n<meta property=\"og:title\" content=\"Beyondinertial - Motustech\" \/>\n<meta property=\"og:description\" content=\"MANUALE Beyond Inertial Download QUICK START Beyond Inertial Download\" \/>\n<meta property=\"og:url\" content=\"https:\/\/motustech.it\/es\/beyondinertial\/\" \/>\n<meta property=\"og:site_name\" content=\"Motustech\" \/>\n<meta property=\"article:modified_time\" content=\"2023-02-02T11:51:44+00:00\" \/>\n<meta name=\"twitter:card\" content=\"summary_large_image\" \/>\n<meta name=\"twitter:label1\" content=\"Tiempo de lectura\" \/>\n\t<meta name=\"twitter:data1\" content=\"1 minuto\" \/>\n<script type=\"application\/ld+json\" class=\"yoast-schema-graph\">{\"@context\":\"https:\/\/schema.org\",\"@graph\":[{\"@type\":\"WebPage\",\"@id\":\"https:\/\/motustech.it\/beyondinertial\/\",\"url\":\"https:\/\/motustech.it\/beyondinertial\/\",\"name\":\"Beyondinertial - Motustech\",\"isPartOf\":{\"@id\":\"https:\/\/motustech.it\/#website\"},\"datePublished\":\"2023-02-02T11:37:00+00:00\",\"dateModified\":\"2023-02-02T11:51:44+00:00\",\"breadcrumb\":{\"@id\":\"https:\/\/motustech.it\/beyondinertial\/#breadcrumb\"},\"inLanguage\":\"es\",\"potentialAction\":[{\"@type\":\"ReadAction\",\"target\":[\"https:\/\/motustech.it\/beyondinertial\/\"]}]},{\"@type\":\"BreadcrumbList\",\"@id\":\"https:\/\/motustech.it\/beyondinertial\/#breadcrumb\",\"itemListElement\":[{\"@type\":\"ListItem\",\"position\":1,\"name\":\"Home\",\"item\":\"https:\/\/motustech.it\/\"},{\"@type\":\"ListItem\",\"position\":2,\"name\":\"Beyondinertial\"}]},{\"@type\":\"WebSite\",\"@id\":\"https:\/\/motustech.it\/#website\",\"url\":\"https:\/\/motustech.it\/\",\"name\":\"Motustech\",\"description\":\"Sport &amp; Health Technology\",\"publisher\":{\"@id\":\"https:\/\/motustech.it\/#organization\"},\"potentialAction\":[{\"@type\":\"SearchAction\",\"target\":{\"@type\":\"EntryPoint\",\"urlTemplate\":\"https:\/\/motustech.it\/?s={search_term_string}\"},\"query-input\":\"required name=search_term_string\"}],\"inLanguage\":\"es\"},{\"@type\":\"Organization\",\"@id\":\"https:\/\/motustech.it\/#organization\",\"name\":\"Motustech\",\"url\":\"https:\/\/motustech.it\/\",\"logo\":{\"@type\":\"ImageObject\",\"inLanguage\":\"es\",\"@id\":\"https:\/\/motustech.it\/#\/schema\/logo\/image\/\",\"url\":\"https:\/\/motustech.it\/wp-content\/uploads\/2022\/07\/LogoMotustech_health-1.png\",\"contentUrl\":\"https:\/\/motustech.it\/wp-content\/uploads\/2022\/07\/LogoMotustech_health-1.png\",\"width\":2049,\"height\":411,\"caption\":\"Motustech\"},\"image\":{\"@id\":\"https:\/\/motustech.it\/#\/schema\/logo\/image\/\"}}]}<\/script>\n<!-- \/ Yoast SEO plugin. -->","yoast_head_json":{"title":"Beyondinertial - Motustech","robots":{"index":"index","follow":"follow","max-snippet":"max-snippet:-1","max-image-preview":"max-image-preview:large","max-video-preview":"max-video-preview:-1"},"canonical":"https:\/\/motustech.it\/es\/beyondinertial\/","og_locale":"es_ES","og_type":"article","og_title":"Beyondinertial - Motustech","og_description":"MANUALE Beyond Inertial Download QUICK START Beyond Inertial Download","og_url":"https:\/\/motustech.it\/es\/beyondinertial\/","og_site_name":"Motustech","article_modified_time":"2023-02-02T11:51:44+00:00","twitter_card":"summary_large_image","twitter_misc":{"Tiempo de lectura":"1 minuto"},"schema":{"@context":"https:\/\/schema.org","@graph":[{"@type":"WebPage","@id":"https:\/\/motustech.it\/beyondinertial\/","url":"https:\/\/motustech.it\/beyondinertial\/","name":"Beyondinertial - Motustech","isPartOf":{"@id":"https:\/\/motustech.it\/#website"},"datePublished":"2023-02-02T11:37:00+00:00","dateModified":"2023-02-02T11:51:44+00:00","breadcrumb":{"@id":"https:\/\/motustech.it\/beyondinertial\/#breadcrumb"},"inLanguage":"es","potentialAction":[{"@type":"ReadAction","target":["https:\/\/motustech.it\/beyondinertial\/"]}]},{"@type":"BreadcrumbList","@id":"https:\/\/motustech.it\/beyondinertial\/#breadcrumb","itemListElement":[{"@type":"ListItem","position":1,"name":"Home","item":"https:\/\/motustech.it\/"},{"@type":"ListItem","position":2,"name":"Beyondinertial"}]},{"@type":"WebSite","@id":"https:\/\/motustech.it\/#website","url":"https:\/\/motustech.it\/","name":"Motustech","description":"Sport &amp; Health Technology","publisher":{"@id":"https:\/\/motustech.it\/#organization"},"potentialAction":[{"@type":"SearchAction","target":{"@type":"EntryPoint","urlTemplate":"https:\/\/motustech.it\/?s={search_term_string}"},"query-input":"required name=search_term_string"}],"inLanguage":"es"},{"@type":"Organization","@id":"https:\/\/motustech.it\/#organization","name":"Motustech","url":"https:\/\/motustech.it\/","logo":{"@type":"ImageObject","inLanguage":"es","@id":"https:\/\/motustech.it\/#\/schema\/logo\/image\/","url":"https:\/\/motustech.it\/wp-content\/uploads\/2022\/07\/LogoMotustech_health-1.png","contentUrl":"https:\/\/motustech.it\/wp-content\/uploads\/2022\/07\/LogoMotustech_health-1.png","width":2049,"height":411,"caption":"Motustech"},"image":{"@id":"https:\/\/motustech.it\/#\/schema\/logo\/image\/"}}]}},"_links":{"self":[{"href":"https:\/\/motustech.it\/es\/wp-json\/wp\/v2\/pages\/512","targetHints":{"allow":["GET"]}}],"collection":[{"href":"https:\/\/motustech.it\/es\/wp-json\/wp\/v2\/pages"}],"about":[{"href":"https:\/\/motustech.it\/es\/wp-json\/wp\/v2\/types\/page"}],"author":[{"embeddable":true,"href":"https:\/\/motustech.it\/es\/wp-json\/wp\/v2\/users\/1"}],"replies":[{"embeddable":true,"href":"https:\/\/motustech.it\/es\/wp-json\/wp\/v2\/comments?post=512"}],"version-history":[{"count":10,"href":"https:\/\/motustech.it\/es\/wp-json\/wp\/v2\/pages\/512\/revisions"}],"predecessor-version":[{"id":523,"href":"https:\/\/motustech.it\/es\/wp-json\/wp\/v2\/pages\/512\/revisions\/523"}],"wp:attachment":[{"href":"https:\/\/motustech.it\/es\/wp-json\/wp\/v2\/media?parent=512"}],"curies":[{"name":"wp","href":"https:\/\/api.w.org\/{rel}","templated":true}]}}